{"id":224,"date":"2025-01-12T03:26:35","date_gmt":"2025-01-12T03:26:35","guid":{"rendered":"https:\/\/chatbotexpert.net\/?page_id=224"},"modified":"2025-01-12T03:37:54","modified_gmt":"2025-01-12T03:37:54","slug":"tietosuojaseloste","status":"publish","type":"page","link":"https:\/\/www.chatbotexpert.net\/en\/tietosuojaseloste\/","title":{"rendered":"Privacy Policy"},"content":{"rendered":"<div data-elementor-type=\"wp-page\" data-elementor-id=\"224\" class=\"elementor elementor-224\" data-elementor-settings=\"{&quot;ha_cmc_init_switcher&quot;:&quot;no&quot;}\" data-elementor-post-type=\"page\">\n\t\t\t\t<div class=\"elementor-element elementor-element-92de848 e-flex e-con-boxed wpr-particle-no wpr-jarallax-no wpr-parallax-no wpr-sticky-section-no e-con e-parent\" data-id=\"92de848\" data-element_type=\"container\" data-e-type=\"container\" data-settings=\"{&quot;_ha_eqh_enable&quot;:false}\">\n\t\t\t\t\t<div class=\"e-con-inner\">\n\t\t\t\t<div class=\"elementor-element elementor-element-e90339f elementor-widget elementor-widget-heading\" data-id=\"e90339f\" data-element_type=\"widget\" data-e-type=\"widget\" data-widget_type=\"heading.default\">\n\t\t\t\t<div class=\"elementor-widget-container\">\n\t\t\t\t\t<h2 class=\"elementor-heading-title elementor-size-default\">Privacy Policy<\/h2>\t\t\t\t<\/div>\n\t\t\t\t<\/div>\n\t\t\t\t<div class=\"elementor-element elementor-element-c8e9ddd elementor-widget elementor-widget-text-editor\" data-id=\"c8e9ddd\" data-element_type=\"widget\" data-e-type=\"widget\" data-widget_type=\"text-editor.default\">\n\t\t\t\t<div class=\"elementor-widget-container\">\n\t\t\t\t\t\t\t\t\t<div class=\"elementor-element elementor-element-25cd2db8 elementor-widget elementor-widget-text-editor\" data-id=\"25cd2db8\" data-element_type=\"widget\" data-widget_type=\"text-editor.default\"><div class=\"elementor-widget-container\"><p>Henkil\u00f6tietolain 523\/1999 10 \u00a7:n ja 24 \u00a7:n ja EU:n yleisen tietosuoja-asetuksen (GDPR) mukainen tietosuojaseloste. Laadittu 11.1.2025.<\/p><p><strong>REKISTERINPIT\u00c4J\u00c4<\/strong><\/p><p>Asport Ou, Viro<\/p><p><strong>YHTEYSHENKIL\u00d6 REKISTERI\u00c4 KOSKEVISSA ASIOISSA<\/strong><\/p><p>Hannu V\u00e4ist\u00f6, hannu.vaisto@chatbotexpert.net<\/p><p><strong>REKISTERIN NIMI<\/strong><\/p><p>Asport Ou:n asiakasrekisteri.<\/p><p><strong>HENKIL\u00d6TIETOEN K\u00c4SITTELYN TARKOITUS<\/strong><\/p><p>Rekisterin k\u00e4ytt\u00f6tarkoitus on Asport Ou:n asiakasrekisterin yll\u00e4pit\u00e4minen sek\u00e4 asiakkaitten tilausten k\u00e4sittely ja arkistointi sek\u00e4 asiakassuhteen hoitaminen. Rekisterin tietoja voidaan k\u00e4ytt\u00e4\u00e4 Asport Ou:n omissa rekistereiss\u00e4 mainonnan kohdistamiseen luovuttamatta henkil\u00f6tietoja ulkopuoliselle taholle.<\/p><p><strong>REKISTERIN TIETOSIS\u00c4LT\u00d6<\/strong><\/p><p>Asiakasrekisteri koostuu yhdest\u00e4 rekisterist\u00e4, mihin on tallennettuna tietoja asiakkaasta seuraavasti:<\/p><p>1) asiakkaan yhteystiedot tilaamisen ja palvelun toimittamisen mahdollistamiseksi. Lis\u00e4ksi asiakkaan yhteyshenkil\u00f6n puhelinnumero ja laskutusta varten tarvittavat tiedot.<\/p><p>2) mahdollisen luottokaupan yll\u00e4pit\u00e4miseksi tarvittavat tiedot<\/p><p>3) asiakkaan tilaamista tuotteista, palveluista, toimittamisesta, palautuksista ja reklamaatioista koskevaa tietoa<\/p><p>Tietoja s\u00e4ilytet\u00e4\u00e4n v\u00e4hint\u00e4\u00e4n kuusi vuotta.<\/p><p><strong>S\u00c4\u00c4NN\u00d6NMUKAISET TIETOL\u00c4HTEET<\/strong><\/p><p>Rekisterin yhteys- ja asiakkuustietoja saadaan asiakkaalta itselt\u00e4\u00e4n h\u00e4nen tilatessaan palveluita tai asiakkaan muiden ilmoitusten ja yhteydenottojen kautta.<\/p><p><strong>TIETOJEN LUOVUTUKSET JA TIETOJEN SIIRTO EU:N TAI EUROOPAN TALOUSALUEEN ULKOPUOLELLE<\/strong><\/p><p>Asiakasrekisterist\u00e4 voidaan luovuttaa nimi- ja osoitetietoja vain Asport Ou:n omiin suoramarkkinointitarkoituksiin. Henkil\u00f6tiedot ovat suojattuna henkil\u00f6tietolain edellytt\u00e4m\u00e4ll\u00e4 tavalla.<\/p><p><strong>REKISTERIN SUOJAUKSEN PERIAATTEET<\/strong><\/p><p>Manuaalisia aineistoja ei ole lainkaan.<\/p><p>ATK:lla k\u00e4sitelt\u00e4vi\u00e4 tietoja voivat k\u00e4sitell\u00e4 vain erikseen sovitut ty\u00f6ntekij\u00e4t, joilla kullakin on omat k\u00e4ytt\u00e4j\u00e4tunnukset ja salasanat j\u00e4rjestelm\u00e4\u00e4n. Vaitiolovelvollisuus sitoo asiakastietoja k\u00e4sittelevi\u00e4 ty\u00f6ntekij\u00f6it\u00e4. Tietoj\u00e4rjestelm\u00e4 on suojattu palomuurilla ulkopuolelta tulevia yhteydenottoja vastaan. Tietoja luovutetaan ulkopuolisille ainoastaan lakiin perustuvan ilmoitusvelvollisuuden johdosta tai asiakkaan omasta tai viranomaisen pyynn\u00f6st\u00e4.<\/p><p><strong>TARKASTUSOIKEUS<\/strong><\/p><p>Jokaisella Asport Ou:n asiakkaalla on p\u00e4\u00e4s\u00e4\u00e4nt\u00f6isesti oikeus tarkastaa omat tietonsa Asport Ou:n asiakasrekisterist\u00e4. Tarkastuspyynn\u00f6t tulee osoittaa kirjallisesti s\u00e4hk\u00f6postiosoitteeseen , josta pyynn\u00f6t ohjataan asiakastietojen yll\u00e4pidosta vastaavalle henkil\u00f6lle. Asport Ou voi pyyt\u00e4\u00e4 tarvittaessa pyynn\u00f6n esitt\u00e4j\u00e4\u00e4 todistamaan henkil\u00f6llisyytens\u00e4. Asport Ou vastaa asiakkaalle EU:n tietosuoja-asetuksessa s\u00e4\u00e4detyss\u00e4 ajassa.<\/p><p><strong>OIKEUS VAATIA TIEDON KORJAAMISTA<\/strong><\/p><p>Jokaisella Asport Ou:n asiakkaalla on oikeus vaatia oman virheellisen henkil\u00f6tietonsa korjaamista. Korjauspyynn\u00f6t tulee osoittaa kirjallisesti osoitteeseen , josta ne ohjataan asiakastietojen yll\u00e4pidosta vastaavalle henkil\u00f6lle. Asport Ou voi pyyt\u00e4\u00e4 tarvittaessa pyynn\u00f6n esitt\u00e4j\u00e4\u00e4 todistamaan henkil\u00f6llisyytens\u00e4. Asport Ou vastaa asiakkaalle EU:n tietosuoja-asetuksessa s\u00e4\u00e4detyss\u00e4 ajassa.<\/p><p><strong>MUUT HENKIL\u00d6TIETOJEN K\u00c4SITTELYYN LIITTYV\u00c4T OIKEUDET<\/strong><\/p><p>Rekister\u00f6idyll\u00e4 on oikeus kielt\u00e4\u00e4 Asport Ou:t\u00e4 k\u00e4sittelem\u00e4st\u00e4 h\u00e4nt\u00e4 itse\u00e4\u00e4n koskevia tietoja suoramainontaa, et\u00e4myynti\u00e4 ja muuta suoramarkkinointia sek\u00e4 markkina- ja mielipidetutkimusta varten. Rekister\u00f6idyll\u00e4 on oikeus pyyt\u00e4\u00e4 omien tietojensa poistamista Asport Ou:n rekisterist\u00e4. Pyynt\u00f6 toteutetaan, ellei lains\u00e4\u00e4d\u00e4nt\u00f6, avoimet laskut tai perint\u00e4toimet est\u00e4 tietojen poistamista. Asport Ou voi pyyt\u00e4\u00e4 tarvittaessa pyynn\u00f6n esitt\u00e4j\u00e4\u00e4 todistamaan henkil\u00f6llisyytens\u00e4. Asport Ou vastaa asiakkaalle EU:n tietosuoja-asetuksessa s\u00e4\u00e4detyss\u00e4 ajassa.<\/p><\/div><\/div>\t\t\t\t\t\t\t\t<\/div>\n\t\t\t\t<\/div>\n\t\t\t\t\t<\/div>\n\t\t\t\t<\/div>\n\t\t\t\t<\/div>","protected":false},"excerpt":{"rendered":"<p>Tietosuojaseloste Henkil\u00f6tietolain 523\/1999 10 \u00a7:n ja 24 \u00a7:n ja EU:n yleisen tietosuoja-asetuksen (GDPR) mukainen tietosuojaseloste. Laadittu 11.1.2025. REKISTERINPIT\u00c4J\u00c4 Asport Ou, Viro YHTEYSHENKIL\u00d6 REKISTERI\u00c4 KOSKEVISSA ASIOISSA Hannu V\u00e4ist\u00f6, hannu.vaisto@chatbotexpert.net REKISTERIN NIMI Asport Ou:n asiakasrekisteri. HENKIL\u00d6TIETOEN K\u00c4SITTELYN TARKOITUS Rekisterin k\u00e4ytt\u00f6tarkoitus on Asport Ou:n asiakasrekisterin yll\u00e4pit\u00e4minen sek\u00e4 asiakkaitten tilausten k\u00e4sittely ja arkistointi sek\u00e4 asiakassuhteen hoitaminen. Rekisterin tietoja voidaan<\/p>","protected":false},"author":1,"featured_media":0,"parent":0,"menu_order":0,"comment_status":"closed","ping_status":"closed","template":"","meta":{"solace_meta_sidebar":"","solace_meta_container":"","solace_meta_enable_content_width":"","solace_meta_content_width":0,"solace_meta_title_alignment":"","solace_meta_author_avatar":"","solace_post_elements_order":"","solace_meta_disable_header":"","solace_meta_disable_footer":"","solace_meta_disable_title":"","footnotes":""},"class_list":["post-224","page","type-page","status-publish","hentry"],"_links":{"self":[{"href":"https:\/\/www.chatbotexpert.net\/en\/wp-json\/wp\/v2\/pages\/224","targetHints":{"allow":["GET"]}}],"collection":[{"href":"https:\/\/www.chatbotexpert.net\/en\/wp-json\/wp\/v2\/pages"}],"about":[{"href":"https:\/\/www.chatbotexpert.net\/en\/wp-json\/wp\/v2\/types\/page"}],"author":[{"embeddable":true,"href":"https:\/\/www.chatbotexpert.net\/en\/wp-json\/wp\/v2\/users\/1"}],"replies":[{"embeddable":true,"href":"https:\/\/www.chatbotexpert.net\/en\/wp-json\/wp\/v2\/comments?post=224"}],"version-history":[{"count":10,"href":"https:\/\/www.chatbotexpert.net\/en\/wp-json\/wp\/v2\/pages\/224\/revisions"}],"predecessor-version":[{"id":236,"href":"https:\/\/www.chatbotexpert.net\/en\/wp-json\/wp\/v2\/pages\/224\/revisions\/236"}],"wp:attachment":[{"href":"https:\/\/www.chatbotexpert.net\/en\/wp-json\/wp\/v2\/media?parent=224"}],"curies":[{"name":"wp","href":"https:\/\/api.w.org\/{rel}","templated":true}]}}